{"id":53,"date":"2019-06-10T12:06:59","date_gmt":"2019-06-10T12:06:59","guid":{"rendered":"https:\/\/www.e-fur.at\/?page_id=53"},"modified":"2026-01-28T09:58:24","modified_gmt":"2026-01-28T08:58:24","slug":"impressum","status":"publish","type":"page","link":"https:\/\/www.e-fur.com\/de\/impressum\/","title":{"rendered":"Impressum"},"content":{"rendered":"<h2><strong>Impressum<\/strong><\/h2>\n<p>Selbst\u00e4ndige freiberufliche konsili\u00e4r-Tier\u00e4rztin<\/p>\n<p>Erika Furman dr.vet.med., Dip. ECVCP<br \/>\nBadhausgasse 11<br \/>\nA-2020 Hollabrunn<\/p>\n<p>Tel: +436765623618<br \/>\nE-Mail:\u00a0<a href=\"mailto:office@e-fur.at\">office@e-fur.at<\/a><\/p>\n<p>UID-Nummer: ATU74653412<br \/>\nKammerzugeh\u00f6rigkeit: \u00d6sterreichische Tier\u00e4rztekammer Tier\u00e4rzte Ausweis # 5749<br \/>\nTierarzt-Diplom Nummer: D-1215\/2000, an der Veterin\u00e4rfakult\u00e4t Universit\u00e4t Ljubljana, Slowenien<\/p>\n<p>Webseitengestaltung und SEO durch <a href=\"https:\/\/www.socialized.at\" target=\"_blank\" rel=\"noopener noreferrer\">Socialized Alpha Internetmarketing GmbH<\/a><\/p>\n","protected":false},"excerpt":{"rendered":"<p>Impressum Selbst\u00e4ndige freiberufliche konsili\u00e4r-Tier\u00e4rztin Erika Furman dr.vet.med., Dip. ECVCP Badhausgasse [&hellip;]<\/p>\n","protected":false},"author":5,"featured_media":0,"parent":0,"menu_order":0,"comment_status":"closed","ping_status":"closed","template":"","meta":{"footnotes":""},"class_list":["post-53","page","type-page","status-publish","hentry"],"_links":{"self":[{"href":"https:\/\/www.e-fur.com\/de\/wp-json\/wp\/v2\/pages\/53","targetHints":{"allow":["GET"]}}],"collection":[{"href":"https:\/\/www.e-fur.com\/de\/wp-json\/wp\/v2\/pages"}],"about":[{"href":"https:\/\/www.e-fur.com\/de\/wp-json\/wp\/v2\/types\/page"}],"author":[{"embeddable":true,"href":"https:\/\/www.e-fur.com\/de\/wp-json\/wp\/v2\/users\/5"}],"replies":[{"embeddable":true,"href":"https:\/\/www.e-fur.com\/de\/wp-json\/wp\/v2\/comments?post=53"}],"version-history":[{"count":12,"href":"https:\/\/www.e-fur.com\/de\/wp-json\/wp\/v2\/pages\/53\/revisions"}],"predecessor-version":[{"id":609,"href":"https:\/\/www.e-fur.com\/de\/wp-json\/wp\/v2\/pages\/53\/revisions\/609"}],"wp:attachment":[{"href":"https:\/\/www.e-fur.com\/de\/wp-json\/wp\/v2\/media?parent=53"}],"curies":[{"name":"wp","href":"https:\/\/api.w.org\/{rel}","templated":true}]}}