{"id":49,"date":"2019-06-10T11:24:57","date_gmt":"2019-06-10T11:24:57","guid":{"rendered":"https:\/\/www.e-fur.at\/?page_id=49"},"modified":"2026-01-28T09:58:17","modified_gmt":"2026-01-28T08:58:17","slug":"datenschutzerklarung","status":"publish","type":"page","link":"https:\/\/www.e-fur.com\/de\/datenschutzerklarung\/","title":{"rendered":"Datenschutzerkl\u00e4rung"},"content":{"rendered":"\r\n<h2 class=\"wp-block-heading\" style=\"text-align: justify;\"><strong>Datenschutzerkl\u00e4rung<\/strong><\/h2>\r\n<p style=\"text-align: justify;\">Sehr geehrte Frau Kollegin,\u00a0sehr geehrter Herr Kollege,<\/p>\r\n<h3 style=\"text-align: justify;\"><strong>Einleitung<\/strong><\/h3>\r\n<p style=\"text-align: justify;\">Der Schutz Ihrer pers\u00f6nlichen Daten ist mir ein besonderes Anliegen. In diesen Schreiben m\u00f6chte ich Sie dar\u00fcber informieren, wie die Verwendung personenbezogener Daten bei \u201ee-fur\u201c verl\u00e4uft. Zus\u00e4tzlich sind auch die wichtigen Punkte der Datenverarbeitung in Rahmen meiner Webseite www.e-fur.at aufgelistet. Die Webseite kann sich st\u00e4ndig \u00e4ndern, deswegen empfehle ich Ihnen die Datenschutzerkl\u00e4rung \u00f6fters durchzulesen.<\/p>\r\n<h3 style=\"text-align: justify;\"><strong> Informationspflicht<\/strong><\/h3>\r\n<p style=\"text-align: justify;\" data-fontsize=\"20\" data-lineheight=\"28\">Verantwortliche Stelle im Sinne des Datenschutzes:<br \/>Erika Furman dr.vet.med., Dip. ECVCP<br \/>Badhausgasse 11<br \/>A-2020 \u00d6sterreich<br \/>Tel: +43 2952-30659<br \/>Tel: +43 664 216 13 51<br \/>E-Mail: <a href=\"mailto:office@e-fur.at\">office@e-fur.at<\/a><\/p>\r\n<p style=\"text-align: justify;\">Bei Verarbeitung ihrer Daten wird streng die gesetzliche Bestimmung (DSGVO und TKG 2003) beachtet. Ihre Daten werden nicht vermietet, verkauft oder geteilt. Eine Teilung ist nur m\u00f6glich mit Ihrer Einwilligung oder wenn dies in den gesetzlichen Rahmen erlaubt ist.<\/p>\r\n<p style=\"text-align: justify;\">Die personenbezogenen Daten sind laut DSGVO Artikel 4. Nr. 1:<\/p>\r\n<p style=\"text-align: justify;\"><em>\u201epersonenbezogene Daten\u201c alle Informationen, die sich auf eine identifizierte oder identifizierbare nat\u00fcrliche Person (im Folgenden \u201ebetroffene Person\u201c) beziehen; als identifizierbar wird eine nat\u00fcrliche Person angesehen, die direkt oder indirekt, insbesondere mittels Zuordnung zu einer Kennung wie einem Namen, zu einer Kennnummer, zu Standortdaten, zu einer Online-Kennung oder zu einem oder mehreren besonderen Merkmalen, die Ausdruck der physischen, physiologischen, genetischen, psychischen, wirtschaftlichen, kulturellen oder sozialen Identit\u00e4t dieser nat\u00fcrlichen Person sind, identifiziert werden kann<\/em>\u201c.<\/p>\r\n<p style=\"text-align: justify;\">Ihre personenbezogenen erfassten Daten werden zum Zweck von Ausf\u00fchren meiner tier\u00e4rztlichen T\u00e4tigkeit verarbeitet, wie gefolgt:<\/p>\r\n<ul style=\"text-align: justify;\">\r\n<li style=\"text-align: justify;\">Verfassung, \u00dcbermittlung und Speichern von Befunden,<\/li>\r\n<li style=\"text-align: justify;\">Identifizierung und Zuordnung von F\u00e4llen,<\/li>\r\n<li style=\"text-align: justify;\">Erstellen von Rechnungen und Angeboten.<\/li>\r\n<\/ul>\r\n<h3 style=\"text-align: justify;\"><strong>Einwilligungserkl\u00e4rung f\u00fcr Datenverarbeitung Gem\u00e4\u00df DSGVO<\/strong><\/h3>\r\n<p style=\"text-align: justify;\">Ist ein Formular der mir die Erlaubnis gibt Ihre personenbezogenen Daten zu Verarbeiten.<\/p>\r\n<p style=\"text-align: justify;\">Laut DSGVO Artikel 4 Nr. 2 ist eine Verarbeitung von Daten:<\/p>\r\n<p style=\"text-align: justify;\"><em>\u201eVerarbeitung\u201c jeden mit oder ohne Hilfe automatisierter Verfahren ausgef\u00fchrten Vorgang oder jede solche Vorgangsreihe im Zusammenhang mit personenbezogenen Daten wie das Erheben, das Erfassen, die Organisation, das Ordnen, die Speicherung, die Anpassung oder Ver\u00e4nderung, das Auslesen, das Abfragen, die Verwendung, die Offenlegung durch \u00dcbermittlung, Verbreitung oder eine andere Form der Bereitstellung, den Abgleich oder die Verkn\u00fcpfung, die Einschr\u00e4nkung, das L\u00f6schen oder die Vernichtung;\u201c<\/em><\/p>\r\n<p style=\"text-align: justify;\">Eine Einwilligung ist aktiv zu t\u00e4tigen.<\/p>\r\n<p style=\"text-align: justify;\">Bei Nutzung vom Kontaktformular, Anforderungs- und Anmeldeformular auf <a href=\"http:\/\/www.e-fur.at\">www.e-fur.at<\/a> willigen Sie in die Verarbeitung Ihrer Daten ein mit anklicken von dem entsprechenden Feld. Wichtig, bitte nicht vergessen, laut Artikel 6 Absatz 1a, Artikel 9 Absatz 2a und Artikel 7 der DSGVO, dass der Tierbesitzer Ihnen die Einwilligung in die Weitergabe deren Daten f\u00fcr mehrere bestimmte Zwecke erteilen muss, wie in diesem Falle Laborleistungen an \u201ee-fur\u201c. Wenn Besucher \u00fcber das Kontaktformular bzw. \u00fcber die Registrierung auf der Website in Kontakt mit mir treten, dann werden die Daten, die im jeweiligen Formular eingetragen werden gespeichert. Au\u00dferdem wird die IP-Adresse des Besuchers und der User-Agent-String (Browser Identifizierung) gespeichert, um die Erkennung von Spam zu unterst\u00fctzen.<\/p>\r\n<p style=\"text-align: justify;\"><a href=\"https:\/\/www.e-fur.at\/wp-content\/uploads\/2019\/09\/gdpr-de.pdf\" target=\"_blank\" rel=\"noopener noreferrer\">Download<\/a> der Einwilligungserkl\u00e4rung<\/p>\r\n<h3><strong>Cookies<\/strong><\/h3>\r\n<p>Zur Verwaltung der eingesetzten Cookies und \u00e4hnlichen Technologien (Tracking-Pixel, Web-Beacons etc.) und diesbez\u00fcglicher Einwilligungen setzen wir das Consent Tool &#8222;Real Cookie Banner&#8220; ein. Details zur Funktionsweise von &#8222;Real Cookie Banner&#8220; finden Sie <a href=\"https:\/\/devowl.io\/de\/rcb\/datenverarbeitung\" target=\"_blank\" rel=\"noopener\">hier<\/a>.\u00a0Rechtsgrundlagen f\u00fcr die Verarbeitung von personenbezogenen Daten in diesem Zusammenhang sind Art. 6 Abs. 1 lit. c DS-GVO und Art. 6 Abs. 1 lit. f DS-GVO. Unser berechtigtes Interesse ist die Verwaltung der eingesetzten Cookies und \u00e4hnlichen Technologien und der diesbez\u00fcglichen Einwilligungen.<\/p>\r\n<p>Die Bereitstellung der personenbezogenen Daten ist weder vertraglich vorgeschrieben noch f\u00fcr den Abschluss eines Vertrages notwendig. Sie sind nicht verpflichtet die personenbezogenen Daten bereitzustellen. Wenn Sie die personenbezogenen Daten nicht bereitstellen, k\u00f6nnen wir Ihre Einwilligungen nicht verwalten.<\/p>\r\n<h3 style=\"text-align: justify;\"><strong> Datenspeicherung und L\u00f6schung<\/strong><\/h3>\r\n<p style=\"text-align: justify;\">Die Datenspeicherung ist erforderlich f\u00fcr die Dauer unserer Gesch\u00e4ftsbeziehung und erfolgt solange es notwendig ist. Wenn keine Gesch\u00e4ftsbeziehung innerhalb von 6 Monaten nach der Anmeldung erfolgt, werden Ihre Daten gel\u00f6scht. Sie haben aber Gem\u00e4\u00df Artikel 17 DSGVO das Recht, die L\u00f6schung Ihrer personenbezogenen Daten sofort zu verlangen. Die Datenspeicherung erfolgt ausschlie\u00dflich innerhalb der EU und unterliegt damit der EU-Datenschutzrichtlinie.<\/p>\r\n<h3 style=\"text-align: justify;\"><strong> Widerspruchsrecht<\/strong><\/h3>\r\n<p style=\"text-align: justify;\">Sie k\u00f6nnen der Verarbeitung widersprechen. Ihren Widerspruch richten Sie bitte an die verantwortliche Person.<\/p>\r\n<h3 style=\"text-align: justify;\"><strong> Betroffenenrechte <\/strong><\/h3>\r\n<p style=\"text-align: justify;\">Sie k\u00f6nnen \u00fcber die verantwortliche Person Auskunft \u00fcber die zu Ihrer Person gespeicherten Daten verlangen und die Berichtigung unrichtiger Ihrer bei uns gespeicherten Daten verlangen. Sie haben das Recht die Einschr\u00e4nkung der Verarbeitung und Herausgabe Ihrer personenbezogenen Daten zu verlangen. Weiteres haben Sie das Recht auf Herausgabe der von Ihnen bereitgestellten Daten, in einem strukturierten, g\u00e4ngigen und maschinenlesbaren Format zu erhalten. Sie k\u00f6nnen die \u00dcbermittlung an einen anderen Verantwortlichen auch verlangen.<\/p>\r\n<p style=\"text-align: justify;\">Sie haben die M\u00f6glichkeit, sich mit einer Beschwerde an eine Datenschutzaufsichtsbeh\u00f6rde zu wenden.<\/p>\r\n<h3><strong>Kontakt zur \u00f6sterreichischen Datenschutzbeh\u00f6rde<\/strong><\/h3>\r\n<p style=\"text-align: justify;\">\u00d6sterreichische Datenschutzbeh\u00f6rde<br \/>Wickenburggasse 8-10<br \/>A-1080 Wien<br \/>Tel: +43 1\u00a0531 15\u00a0202\u00a0525<br \/>E-Mail: <a href=\"mailto:dsb@dsb.gv.at\">dsb@dsb.gv.at<\/a><\/p>\r\n","protected":false},"excerpt":{"rendered":"<p>Datenschutzerkl\u00e4rung Sehr geehrte Frau Kollegin,\u00a0sehr geehrter Herr Kollege, Einleitung Der [&hellip;]<\/p>\n","protected":false},"author":5,"featured_media":0,"parent":0,"menu_order":0,"comment_status":"closed","ping_status":"closed","template":"","meta":{"footnotes":""},"class_list":["post-49","page","type-page","status-publish","hentry"],"_links":{"self":[{"href":"https:\/\/www.e-fur.com\/de\/wp-json\/wp\/v2\/pages\/49","targetHints":{"allow":["GET"]}}],"collection":[{"href":"https:\/\/www.e-fur.com\/de\/wp-json\/wp\/v2\/pages"}],"about":[{"href":"https:\/\/www.e-fur.com\/de\/wp-json\/wp\/v2\/types\/page"}],"author":[{"embeddable":true,"href":"https:\/\/www.e-fur.com\/de\/wp-json\/wp\/v2\/users\/5"}],"replies":[{"embeddable":true,"href":"https:\/\/www.e-fur.com\/de\/wp-json\/wp\/v2\/comments?post=49"}],"version-history":[{"count":27,"href":"https:\/\/www.e-fur.com\/de\/wp-json\/wp\/v2\/pages\/49\/revisions"}],"predecessor-version":[{"id":632,"href":"https:\/\/www.e-fur.com\/de\/wp-json\/wp\/v2\/pages\/49\/revisions\/632"}],"wp:attachment":[{"href":"https:\/\/www.e-fur.com\/de\/wp-json\/wp\/v2\/media?parent=49"}],"curies":[{"name":"wp","href":"https:\/\/api.w.org\/{rel}","templated":true}]}}